{"id":220,"date":"2014-10-12T10:55:54","date_gmt":"2014-10-12T10:55:54","guid":{"rendered":"http:\/\/vsstpoelten-harland.ac.at\/?page_id=220"},"modified":"2025-10-10T10:19:52","modified_gmt":"2025-10-10T10:19:52","slug":"elternverein","status":"publish","type":"page","link":"https:\/\/vsstpoelten-harland.ac.at\/?page_id=220","title":{"rendered":"Elternverein Harland"},"content":{"rendered":"<h4 style=\"text-align: left;\"><strong>Elternverein der Volks- und Mittelschule Harland<\/strong><\/h4>\n<p><strong>\u00a0<\/strong><strong>Was wir sind<\/strong><\/p>\n<p>Der <strong>Elternverein der Volks- und Mittelschule Harland<\/strong> ist ein Zusammenschluss der Erziehungsberechtigten der Sch\u00fcler der Volksschule und Mittelschule Harland nach dem Vereinsgesetz 2002 zum Zwecke der Unterst\u00fctzung der Schulgemeinschaft der Sch\u00fcler, Lehrer und Eltern.<\/p>\n<p><strong>Der Elternverein finanziert sich aus<\/strong><\/p>\n<ul>\n<li>Einnahmen aus den Mitgliedsbeitr\u00e4gen: 15 \u20ac pro Familie \u2013 zahlbar durch das \u00e4lteste Kind (zB.: hat man 1 Kind in der MS und 1 Kind in der VS zahlt nur das Kind in der MS)<\/li>\n<li>Einnahmen aus Veranstaltungen (Kindermaskenball, Schulsportfest)<\/li>\n<li>(Sach-)Spenden f\u00fcr Veranstaltungen von Kuchen bis zu Tombolapreisen<\/li>\n<\/ul>\n<p><strong>Wichtige Arbeiten und Leistungen f\u00fcr die Schule<\/strong><\/p>\n<ul>\n<li>F\u00f6rderung und St\u00e4rkung der Schulgemeinschaft durch Organisation von Veranstaltungen wie z.B. Kindermaskenball und Schulsportfest.<\/li>\n<li>Unterst\u00fctzung und finanzielle Zuwendung f\u00fcr einzelne Klassen f\u00fcr eigene Veranstaltungen, wie z.B. Schullandwochen und Ausfl\u00fcge.<\/li>\n<li>Unterst\u00fctzung f\u00fcr einzelne Sch\u00fcler aus sozialen Gesichtspunkten bei der Teilnahme an Schulveranstaltungen.<\/li>\n<li>Unterst\u00fctzung der Schule bei der Anschaffung zus\u00e4tzlicher Lehrmittel f\u00fcr besondere Projekte und Aktivit\u00e4ten.<\/li>\n<li>Vertretung der Anliegen unserer Kinder und Eltern im Rahmen der Zusammenarbeit in der Schulpartnerschaft Lehrer \u2013 Eltern &#8211; Sch\u00fcler.<\/li>\n<\/ul>\n<p>Falls Sie Ideen haben, die einen positiven Beitrag zum Schulgeschehen darstellen, so werden wir uns bem\u00fchen, Sie bei der Umsetzung zu unterst\u00fctzen. Bitte z\u00f6gern Sie nicht, uns zu kontaktieren.<\/p>\n<p><strong>Funktion\u00e4re des Elternvereins 2025\/26<\/strong>:<\/p>\n<p style=\"text-align: left;\"><strong>Elternvereinsobmann\u00a0 \u00a0 \u00a0 \u00a0 \u00a0 \u00a0 \u00a0 \u00a0 \u00a0 \u00a0 <\/strong><strong>Elternvereinsobmann-Stellvertretung<\/strong><br \/>Arman Kalteis\u00a0 \u00a0 \u00a0 \u00a0 \u00a0 \u00a0 \u00a0 \u00a0 \u00a0 \u00a0 \u00a0 \u00a0 \u00a0 \u00a0 \u00a0 \u00a0 \u00a0 \u00a0 \u00a0 \u00a0 Madeleine Nusterer\u00a0<\/p>\n<p style=\"text-align: left;\"><strong>Kassierin\u00a0 \u00a0 \u00a0 \u00a0 \u00a0 \u00a0 \u00a0 \u00a0 \u00a0 \u00a0 \u00a0 \u00a0 \u00a0 \u00a0 \u00a0 \u00a0 \u00a0 \u00a0 \u00a0 \u00a0 \u00a0 \u00a0 \u00a0 \u00a0Kassierin-Stellvertretung<br \/><\/strong>Annette Johann\u00a0 \u00a0 \u00a0 \u00a0 \u00a0 \u00a0 \u00a0 \u00a0 \u00a0 \u00a0 \u00a0 \u00a0 \u00a0 \u00a0 \u00a0 \u00a0 \u00a0 \u00a0Caroline Holzer<\/p>\n<p style=\"text-align: left;\"><strong>Schriftf\u00fchrerin\u00a0 \u00a0 \u00a0 \u00a0 \u00a0 \u00a0 \u00a0 \u00a0 \u00a0 \u00a0 \u00a0 \u00a0 \u00a0 \u00a0 \u00a0 \u00a0 \u00a0 \u00a0Schriftf\u00fchrerin-Stellvertretung<br \/><\/strong>Nicole Waltl\u00a0 \u00a0 \u00a0 \u00a0 \u00a0 \u00a0 \u00a0 \u00a0 \u00a0 \u00a0 \u00a0 \u00a0 \u00a0 \u00a0 \u00a0 \u00a0 \u00a0 \u00a0 \u00a0 \u00a0 \u00a0 \u00a0 \u00a0Eva-Maria Grafeneder<\/p>\n<p style=\"text-align: left;\"><strong>E-Mail:<\/strong> ev.harland@gmail.com<\/p>\n<p>Wir danken f\u00fcr Ihre Unterst\u00fctzung!<\/p>\n<h6 style=\"text-align: left;\"><em>Ihr Elternverein<\/em><br \/><em>Volks- und Mittelschule Harland<\/em><\/h6>\n\n\n<p><\/p>\n\n\n\n<p><\/p>\n\n\n\n<p><\/p>\n","protected":false},"excerpt":{"rendered":"<p>Elternverein der Volks- und Mittelschule Harland \u00a0Was wir sind Der Elternverein der Volks- und Mittelschule Harland ist ein Zusammenschluss der Erziehungsberechtigten der Sch\u00fcler der Volksschule und Mittelschule Harland nach dem Vereinsgesetz 2002 zum Zwecke der Unterst\u00fctzung der Schulgemeinschaft der Sch\u00fcler, Lehrer und Eltern. Der Elternverein finanziert sich aus Einnahmen aus den Mitgliedsbeitr\u00e4gen: 15 \u20ac pro &hellip; <a href=\"https:\/\/vsstpoelten-harland.ac.at\/?page_id=220\" class=\"more-link\"><span class=\"screen-reader-text\">Elternverein Harland<\/span> weiterlesen <span class=\"meta-nav\">&rarr;<\/span><\/a><\/p>\n","protected":false},"author":3,"featured_media":0,"parent":28,"menu_order":0,"comment_status":"closed","ping_status":"closed","template":"","meta":{"footnotes":""},"class_list":["post-220","page","type-page","status-publish","hentry"],"_links":{"self":[{"href":"https:\/\/vsstpoelten-harland.ac.at\/index.php?rest_route=\/wp\/v2\/pages\/220","targetHints":{"allow":["GET"]}}],"collection":[{"href":"https:\/\/vsstpoelten-harland.ac.at\/index.php?rest_route=\/wp\/v2\/pages"}],"about":[{"href":"https:\/\/vsstpoelten-harland.ac.at\/index.php?rest_route=\/wp\/v2\/types\/page"}],"author":[{"embeddable":true,"href":"https:\/\/vsstpoelten-harland.ac.at\/index.php?rest_route=\/wp\/v2\/users\/3"}],"replies":[{"embeddable":true,"href":"https:\/\/vsstpoelten-harland.ac.at\/index.php?rest_route=%2Fwp%2Fv2%2Fcomments&post=220"}],"version-history":[{"count":43,"href":"https:\/\/vsstpoelten-harland.ac.at\/index.php?rest_route=\/wp\/v2\/pages\/220\/revisions"}],"predecessor-version":[{"id":5458,"href":"https:\/\/vsstpoelten-harland.ac.at\/index.php?rest_route=\/wp\/v2\/pages\/220\/revisions\/5458"}],"up":[{"embeddable":true,"href":"https:\/\/vsstpoelten-harland.ac.at\/index.php?rest_route=\/wp\/v2\/pages\/28"}],"wp:attachment":[{"href":"https:\/\/vsstpoelten-harland.ac.at\/index.php?rest_route=%2Fwp%2Fv2%2Fmedia&parent=220"}],"curies":[{"name":"wp","href":"https:\/\/api.w.org\/{rel}","templated":true}]}}