{"id":229,"date":"2014-10-12T11:21:30","date_gmt":"2014-10-12T11:21:30","guid":{"rendered":"http:\/\/vsstpoelten-harland.ac.at\/?page_id=229"},"modified":"2025-10-10T10:18:51","modified_gmt":"2025-10-10T10:18:51","slug":"elternverein","status":"publish","type":"page","link":"https:\/\/vsstpoelten-harland.ac.at\/?page_id=229","title":{"rendered":"Elternverein Stattersdorf"},"content":{"rendered":"<p><strong>Wichtige Arbeiten und Leistungen f\u00fcr die Schule:<\/strong><\/p>\n<ul>\n<li>Organisation von Veranstaltungen wie z.B. Kindermaskenb\u00e4llen und Schulsportfesten.<\/li>\n<li>Unterst\u00fctzung und finanzielle Zuwendung f\u00fcr einzelne Klassen f\u00fcr eigene Veranstaltungen, wie z.B. Schullandwochen und Ausfl\u00fcge.<\/li>\n<li>Unterst\u00fctzung f\u00fcr einzelne Sch\u00fclerInnen aus sozialen Gesichtspunkten bei der Teilnahme an Schulveranstaltungen.<\/li>\n<li>Zusch\u00fcsse f\u00fcr au\u00dferbudget\u00e4re Anschaffungen in Klassen und der Schule.<\/li>\n<li>Interessensvertretung der Eltern und Kinder im Rahmen der Zusammenarbeit der Schulpartnerschaft.<\/li>\n<\/ul>\n<p><strong>Funktion\u00e4re des Elternvereins 2025\/26<\/strong>:<\/p>\n<p><strong>Elternvereinsobfrau\u00a0 \u00a0 \u00a0 \u00a0 \u00a0 \u00a0 \u00a0 \u00a0 \u00a0 \u00a0 \u00a0 \u00a0 \u00a0 \u00a0 \u00a0 \u00a0 \u00a0 \u00a0 \u00a0Elternvereinsobfrau-Stellvertretung<br \/><\/strong>Bettina Pfeiffer\u00a0 \u00a0 \u00a0 \u00a0 \u00a0 \u00a0 \u00a0 \u00a0 \u00a0 \u00a0 \u00a0 \u00a0 \u00a0 \u00a0 \u00a0 \u00a0 \u00a0 \u00a0 \u00a0 \u00a0 \u00a0 \u00a0 \u00a0 \u00a0 \u00a0 Melanie Brandstetter<\/p>\n<p><strong>Kassierin\u00a0 \u00a0 \u00a0<\/strong>\u00a0 \u00a0 \u00a0 \u00a0 \u00a0 \u00a0 \u00a0 \u00a0 \u00a0 \u00a0 \u00a0 \u00a0 \u00a0 \u00a0 \u00a0 \u00a0 \u00a0 \u00a0 \u00a0 \u00a0 \u00a0 \u00a0 \u00a0 \u00a0 \u00a0 \u00a0 \u00a0 \u00a0 <strong>Kassierin-Stellvertretung<\/strong><br \/>Romana Mader\u00a0 \u00a0 \u00a0 \u00a0 \u00a0 \u00a0 \u00a0 \u00a0 \u00a0 \u00a0 \u00a0 \u00a0 \u00a0 \u00a0 \u00a0 \u00a0 \u00a0 \u00a0 \u00a0 \u00a0 \u00a0 \u00a0 \u00a0 \u00a0 \u00a0 Sabine Berner<\/p>\n<p><strong>Schriftf\u00fchrerin\u00a0 \u00a0 \u00a0 \u00a0<\/strong> \u00a0 \u00a0 \u00a0 \u00a0 \u00a0 \u00a0 \u00a0 \u00a0 \u00a0 \u00a0 \u00a0 \u00a0 \u00a0 \u00a0 \u00a0 \u00a0 \u00a0 \u00a0 \u00a0 \u00a0 <strong>Schriftf\u00fchrerin-Stellvertretung<\/strong><br \/>Michaela Gutmann\u00a0 \u00a0 \u00a0 \u00a0 \u00a0 \u00a0 \u00a0 \u00a0 \u00a0 \u00a0 \u00a0 \u00a0 \u00a0 \u00a0 \u00a0 \u00a0 \u00a0 \u00a0 \u00a0 \u00a0 \u00a0 Karin Lutz<\/p>\n<p>&nbsp;<\/p>\n\n\n<p><\/p>\n","protected":false},"excerpt":{"rendered":"<p>Wichtige Arbeiten und Leistungen f\u00fcr die Schule: Organisation von Veranstaltungen wie z.B. Kindermaskenb\u00e4llen und Schulsportfesten. Unterst\u00fctzung und finanzielle Zuwendung f\u00fcr einzelne Klassen f\u00fcr eigene Veranstaltungen, wie z.B. Schullandwochen und Ausfl\u00fcge. Unterst\u00fctzung f\u00fcr einzelne Sch\u00fclerInnen aus sozialen Gesichtspunkten bei der Teilnahme an Schulveranstaltungen. Zusch\u00fcsse f\u00fcr au\u00dferbudget\u00e4re Anschaffungen in Klassen und der Schule. Interessensvertretung der Eltern und &hellip; <a href=\"https:\/\/vsstpoelten-harland.ac.at\/?page_id=229\" class=\"more-link\"><span class=\"screen-reader-text\">Elternverein Stattersdorf<\/span> weiterlesen <span class=\"meta-nav\">&rarr;<\/span><\/a><\/p>\n","protected":false},"author":3,"featured_media":0,"parent":20,"menu_order":0,"comment_status":"closed","ping_status":"closed","template":"","meta":{"footnotes":""},"class_list":["post-229","page","type-page","status-publish","hentry"],"_links":{"self":[{"href":"https:\/\/vsstpoelten-harland.ac.at\/index.php?rest_route=\/wp\/v2\/pages\/229","targetHints":{"allow":["GET"]}}],"collection":[{"href":"https:\/\/vsstpoelten-harland.ac.at\/index.php?rest_route=\/wp\/v2\/pages"}],"about":[{"href":"https:\/\/vsstpoelten-harland.ac.at\/index.php?rest_route=\/wp\/v2\/types\/page"}],"author":[{"embeddable":true,"href":"https:\/\/vsstpoelten-harland.ac.at\/index.php?rest_route=\/wp\/v2\/users\/3"}],"replies":[{"embeddable":true,"href":"https:\/\/vsstpoelten-harland.ac.at\/index.php?rest_route=%2Fwp%2Fv2%2Fcomments&post=229"}],"version-history":[{"count":22,"href":"https:\/\/vsstpoelten-harland.ac.at\/index.php?rest_route=\/wp\/v2\/pages\/229\/revisions"}],"predecessor-version":[{"id":5457,"href":"https:\/\/vsstpoelten-harland.ac.at\/index.php?rest_route=\/wp\/v2\/pages\/229\/revisions\/5457"}],"up":[{"embeddable":true,"href":"https:\/\/vsstpoelten-harland.ac.at\/index.php?rest_route=\/wp\/v2\/pages\/20"}],"wp:attachment":[{"href":"https:\/\/vsstpoelten-harland.ac.at\/index.php?rest_route=%2Fwp%2Fv2%2Fmedia&parent=229"}],"curies":[{"name":"wp","href":"https:\/\/api.w.org\/{rel}","templated":true}]}}