{"id":266,"date":"2018-05-05T08:00:48","date_gmt":"2018-05-05T08:00:48","guid":{"rendered":"http:\/\/vsstpoelten-harland.ac.at\/?page_id=266"},"modified":"2026-02-11T11:17:40","modified_gmt":"2026-02-11T11:17:40","slug":"lehrerinnen","status":"publish","type":"page","link":"https:\/\/vsstpoelten-harland.ac.at\/?page_id=266","title":{"rendered":"LehrerInnen"},"content":{"rendered":"\n<div class=\"wp-block-group is-nowrap is-layout-flex wp-container-core-group-is-layout-ad2f72ca wp-block-group-is-layout-flex\">\n<div class=\"wp-block-group is-vertical is-layout-flex wp-container-core-group-is-layout-8cf370e7 wp-block-group-is-layout-flex\">\n<div class=\"wp-block-group is-vertical is-layout-flex wp-container-core-group-is-layout-8cf370e7 wp-block-group-is-layout-flex\">\n<div class=\"wp-block-columns are-vertically-aligned-center is-layout-flex wp-container-core-columns-is-layout-9d6595d7 wp-block-columns-is-layout-flex\">\n<div class=\"wp-block-column is-vertically-aligned-center is-layout-flow wp-block-column-is-layout-flow\" style=\"flex-basis:100%\">\n<div class=\"wp-block-group\"><div class=\"wp-block-group__inner-container is-layout-constrained wp-block-group-is-layout-constrained\">\n<div class=\"wp-block-columns is-layout-flex wp-container-core-columns-is-layout-9d6595d7 wp-block-columns-is-layout-flex\">\n<div class=\"wp-block-column is-layout-flow wp-block-column-is-layout-flow\" style=\"flex-basis:100%\">\n<div class=\"wp-block-group is-vertical is-layout-flex wp-container-core-group-is-layout-8cf370e7 wp-block-group-is-layout-flex\">\n<div class=\"wp-block-group\"><div class=\"wp-block-group__inner-container is-layout-constrained wp-block-group-is-layout-constrained\">\n<div class=\"wp-block-group\"><div class=\"wp-block-group__inner-container is-layout-constrained wp-block-group-is-layout-constrained\">\n<figure class=\"wp-block-table is-style-regular\"><table class=\"has-fixed-layout\"><tbody><tr><td><br \/><\/td><td><\/td><td><br \/><br \/><\/td><\/tr><tr><td><img loading=\"lazy\" decoding=\"async\" width=\"604\" height=\"907\" class=\"alignnone wp-image-3548 size-large\" src=\"https:\/\/vsstpoelten-harland.ac.at\/wp-content\/uploads\/2021\/06\/\u00a9TanjaWagner-9-682x1024.jpg\" alt=\"\" srcset=\"https:\/\/vsstpoelten-harland.ac.at\/wp-content\/uploads\/2021\/06\/\u00a9TanjaWagner-9-682x1024.jpg 682w, https:\/\/vsstpoelten-harland.ac.at\/wp-content\/uploads\/2021\/06\/\u00a9TanjaWagner-9-200x300.jpg 200w, https:\/\/vsstpoelten-harland.ac.at\/wp-content\/uploads\/2021\/06\/\u00a9TanjaWagner-9-768x1154.jpg 768w, https:\/\/vsstpoelten-harland.ac.at\/wp-content\/uploads\/2021\/06\/\u00a9TanjaWagner-9-1022x1536.jpg 1022w, https:\/\/vsstpoelten-harland.ac.at\/wp-content\/uploads\/2021\/06\/\u00a9TanjaWagner-9-1363x2048.jpg 1363w, https:\/\/vsstpoelten-harland.ac.at\/wp-content\/uploads\/2021\/06\/\u00a9TanjaWagner-9-scaled.jpg 1704w\" sizes=\"auto, (max-width: 604px) 100vw, 604px\" \/><br \/><h6>VOL Sabine Eder, BEd MEd<\/h6><\/td><td><\/td><td><img loading=\"lazy\" decoding=\"async\" width=\"604\" height=\"907\" class=\"alignnone wp-image-3550 size-large\" src=\"https:\/\/vsstpoelten-harland.ac.at\/wp-content\/uploads\/2021\/06\/\u00a9TanjaWagner-0330_pp-682x1024.jpg\" alt=\"\" srcset=\"https:\/\/vsstpoelten-harland.ac.at\/wp-content\/uploads\/2021\/06\/\u00a9TanjaWagner-0330_pp-682x1024.jpg 682w, https:\/\/vsstpoelten-harland.ac.at\/wp-content\/uploads\/2021\/06\/\u00a9TanjaWagner-0330_pp-200x300.jpg 200w, https:\/\/vsstpoelten-harland.ac.at\/wp-content\/uploads\/2021\/06\/\u00a9TanjaWagner-0330_pp-768x1154.jpg 768w, https:\/\/vsstpoelten-harland.ac.at\/wp-content\/uploads\/2021\/06\/\u00a9TanjaWagner-0330_pp-1022x1536.jpg 1022w, https:\/\/vsstpoelten-harland.ac.at\/wp-content\/uploads\/2021\/06\/\u00a9TanjaWagner-0330_pp-1363x2048.jpg 1363w, https:\/\/vsstpoelten-harland.ac.at\/wp-content\/uploads\/2021\/06\/\u00a9TanjaWagner-0330_pp-scaled.jpg 1704w\" sizes=\"auto, (max-width: 604px) 100vw, 604px\" \/><br \/><br \/><span style=\"color: revert; font-family: Bitter, Georgia, serif; font-size: 16px; font-weight: revert;\"><strong>vVL Sonja Rotheneder<\/strong><\/span><br \/><\/td><\/tr><tr><td><br \/><h6><img loading=\"lazy\" decoding=\"async\" width=\"604\" height=\"845\" class=\"alignnone wp-image-4373 size-large\" src=\"https:\/\/vsstpoelten-harland.ac.at\/wp-content\/uploads\/2023\/09\/Andrea-Gloss-732x1024.jpeg\" alt=\"\" srcset=\"https:\/\/vsstpoelten-harland.ac.at\/wp-content\/uploads\/2023\/09\/Andrea-Gloss-732x1024.jpeg 732w, https:\/\/vsstpoelten-harland.ac.at\/wp-content\/uploads\/2023\/09\/Andrea-Gloss-214x300.jpeg 214w, https:\/\/vsstpoelten-harland.ac.at\/wp-content\/uploads\/2023\/09\/Andrea-Gloss.jpeg 751w\" sizes=\"auto, (max-width: 604px) 100vw, 604px\" \/><\/h6><h6>vVL Andrea Glo\u00df BEd<\/h6><br \/><\/td><td><\/td><td><\/td><\/tr><tr><td><img decoding=\"async\" src=\"https:\/\/vsstpoelten-harland.ac.at\/wp-content\/uploads\/2024\/10\/Bettina-Profilfoto-772x1024.jpg\" alt=\"\"\/><strong>VL Bettina Heimberger<\/strong><\/td><td><\/td><td><img decoding=\"async\" src=\"https:\/\/vsstpoelten-harland.ac.at\/wp-content\/uploads\/2024\/10\/Eva-Reichard-1-1000x1024.jpg\" alt=\"\"\/><strong>vVL Eva Maria Reichard BEd<\/strong><\/td><\/tr><tr><td><br \/><h6><img loading=\"lazy\" decoding=\"async\" width=\"604\" height=\"907\" class=\"alignnone wp-image-3552 size-large\" src=\"https:\/\/vsstpoelten-harland.ac.at\/wp-content\/uploads\/2021\/06\/\u00a9TanjaWagner-6-682x1024.jpg\" alt=\"\" srcset=\"https:\/\/vsstpoelten-harland.ac.at\/wp-content\/uploads\/2021\/06\/\u00a9TanjaWagner-6-682x1024.jpg 682w, https:\/\/vsstpoelten-harland.ac.at\/wp-content\/uploads\/2021\/06\/\u00a9TanjaWagner-6-200x300.jpg 200w, https:\/\/vsstpoelten-harland.ac.at\/wp-content\/uploads\/2021\/06\/\u00a9TanjaWagner-6-768x1154.jpg 768w, https:\/\/vsstpoelten-harland.ac.at\/wp-content\/uploads\/2021\/06\/\u00a9TanjaWagner-6-1022x1536.jpg 1022w, https:\/\/vsstpoelten-harland.ac.at\/wp-content\/uploads\/2021\/06\/\u00a9TanjaWagner-6-1363x2048.jpg 1363w, https:\/\/vsstpoelten-harland.ac.at\/wp-content\/uploads\/2021\/06\/\u00a9TanjaWagner-6-scaled.jpg 1704w\" sizes=\"auto, (max-width: 604px) 100vw, 604px\" \/><\/h6><strong>SOL Elisabeth D\u00f6rfler <span style=\"font-size: revert; font-family: inherit;\">&nbsp;&nbsp;<\/span><\/strong> <br \/><\/td><td><\/td><td><br \/><h6><img loading=\"lazy\" decoding=\"async\" width=\"604\" height=\"907\" class=\"alignnone wp-image-3549 size-large\" src=\"https:\/\/vsstpoelten-harland.ac.at\/wp-content\/uploads\/2021\/06\/\u00a9TanjaWagner-5-682x1024.jpg\" alt=\"\" srcset=\"https:\/\/vsstpoelten-harland.ac.at\/wp-content\/uploads\/2021\/06\/\u00a9TanjaWagner-5-682x1024.jpg 682w, https:\/\/vsstpoelten-harland.ac.at\/wp-content\/uploads\/2021\/06\/\u00a9TanjaWagner-5-200x300.jpg 200w, https:\/\/vsstpoelten-harland.ac.at\/wp-content\/uploads\/2021\/06\/\u00a9TanjaWagner-5-768x1154.jpg 768w, https:\/\/vsstpoelten-harland.ac.at\/wp-content\/uploads\/2021\/06\/\u00a9TanjaWagner-5-1022x1536.jpg 1022w, https:\/\/vsstpoelten-harland.ac.at\/wp-content\/uploads\/2021\/06\/\u00a9TanjaWagner-5-1363x2048.jpg 1363w, https:\/\/vsstpoelten-harland.ac.at\/wp-content\/uploads\/2021\/06\/\u00a9TanjaWagner-5-scaled.jpg 1704w\" sizes=\"auto, (max-width: 604px) 100vw, 604px\" \/><\/h6><h6>Mag. Rita Schweighofer-Skarek<\/h6> <br \/><\/td><\/tr><tr><td><img loading=\"lazy\" decoding=\"async\" class=\"alignnone wp-image-3553 size-large\" src=\"https:\/\/vsstpoelten-harland.ac.at\/wp-content\/uploads\/2021\/06\/\u00a9TanjaWagner--682x1024.jpg\" alt=\"\" width=\"604\" height=\"907\" srcset=\"https:\/\/vsstpoelten-harland.ac.at\/wp-content\/uploads\/2021\/06\/\u00a9TanjaWagner--682x1024.jpg 682w, https:\/\/vsstpoelten-harland.ac.at\/wp-content\/uploads\/2021\/06\/\u00a9TanjaWagner--200x300.jpg 200w, https:\/\/vsstpoelten-harland.ac.at\/wp-content\/uploads\/2021\/06\/\u00a9TanjaWagner--768x1154.jpg 768w, https:\/\/vsstpoelten-harland.ac.at\/wp-content\/uploads\/2021\/06\/\u00a9TanjaWagner--1022x1536.jpg 1022w, https:\/\/vsstpoelten-harland.ac.at\/wp-content\/uploads\/2021\/06\/\u00a9TanjaWagner--1363x2048.jpg 1363w, https:\/\/vsstpoelten-harland.ac.at\/wp-content\/uploads\/2021\/06\/\u00a9TanjaWagner--scaled.jpg 1704w\" sizes=\"auto, (max-width: 604px) 100vw, 604px\" \/><p><\/p>\n<h6>vREL Heidemarie Pfeffel<\/h6>\n<\/td><td><\/td><td><img loading=\"lazy\" decoding=\"async\" class=\"alignnone size-full wp-image-2228\" src=\"https:\/\/vsstpoelten-harland.ac.at\/wp-content\/uploads\/2018\/05\/DSC_9364_pp.jpg\" alt=\"\" width=\"1997\" height=\"3000\" srcset=\"https:\/\/vsstpoelten-harland.ac.at\/wp-content\/uploads\/2018\/05\/DSC_9364_pp.jpg 1997w, https:\/\/vsstpoelten-harland.ac.at\/wp-content\/uploads\/2018\/05\/DSC_9364_pp-200x300.jpg 200w, https:\/\/vsstpoelten-harland.ac.at\/wp-content\/uploads\/2018\/05\/DSC_9364_pp-768x1154.jpg 768w, https:\/\/vsstpoelten-harland.ac.at\/wp-content\/uploads\/2018\/05\/DSC_9364_pp-682x1024.jpg 682w, https:\/\/vsstpoelten-harland.ac.at\/wp-content\/uploads\/2018\/05\/DSC_9364_pp-900x1352.jpg 900w\" sizes=\"auto, (max-width: 1997px) 100vw, 1997px\" \/><p><\/p>\n<h6>vREL Sabine Kaminsky<\/h6>\n<\/td><\/tr><\/tbody><\/table><figcaption class=\"wp-element-caption\"><strong>Neue Lehrpersonen im Schuljahr 2025\/26<\/strong><\/figcaption><\/figure>\n\n\n<div class=\"wp-block-image is-style-default\">\n<figure class=\"alignleft size-full is-resized\"><img loading=\"lazy\" decoding=\"async\" width=\"165\" height=\"220\" src=\"https:\/\/vsstpoelten-harland.ac.at\/wp-content\/uploads\/2025\/09\/Bild-Viktoria-Bernreiter.jpg\" alt=\"\" class=\"wp-image-5252\" style=\"width:237px;height:auto\"\/><figcaption class=\"wp-element-caption\"><strong> <\/strong><kbd><strong>vVL Viktoria Bernreiter BEd<\/strong><\/kbd><\/figcaption><\/figure><\/div><\/div><\/div>\n\n\n<div class=\"wp-block-image is-style-default\">\n<figure class=\"alignright size-medium is-resized\"><img loading=\"lazy\" decoding=\"async\" width=\"225\" height=\"300\" src=\"https:\/\/vsstpoelten-harland.ac.at\/wp-content\/uploads\/2025\/10\/Portraet-Julia-1-edited-225x300.jpg\" alt=\"\" class=\"wp-image-5383\" style=\"width:228px;height:auto\" srcset=\"https:\/\/vsstpoelten-harland.ac.at\/wp-content\/uploads\/2025\/10\/Portraet-Julia-1-edited-225x300.jpg 225w, https:\/\/vsstpoelten-harland.ac.at\/wp-content\/uploads\/2025\/10\/Portraet-Julia-1-edited-768x1024.jpg 768w, https:\/\/vsstpoelten-harland.ac.at\/wp-content\/uploads\/2025\/10\/Portraet-Julia-1-edited.jpg 1066w\" sizes=\"auto, (max-width: 225px) 100vw, 225px\" \/><figcaption class=\"wp-element-caption\"><strong>v VL Julia M\u00f6rwald , BEd BA<\/strong><\/figcaption><\/figure><\/div>\n\n\n<figure class=\"wp-block-gallery has-nested-images columns-default is-cropped wp-block-gallery-1 is-layout-flex wp-block-gallery-is-layout-flex\"><\/figure>\n<\/div><\/div>\n\n\n\n<div class=\"wp-block-columns is-layout-flex wp-container-core-columns-is-layout-9d6595d7 wp-block-columns-is-layout-flex\">\n<div class=\"wp-block-column is-layout-flow wp-block-column-is-layout-flow\" style=\"flex-basis:100%\">\n<figure class=\"wp-block-image size-large is-resized\"><img loading=\"lazy\" decoding=\"async\" width=\"816\" height=\"1008\" src=\"https:\/\/vsstpoelten-harland.ac.at\/wp-content\/uploads\/2026\/02\/IMG_4982-3.jpg\" alt=\"\" class=\"wp-image-6026\" style=\"width:235px;height:auto\" srcset=\"https:\/\/vsstpoelten-harland.ac.at\/wp-content\/uploads\/2026\/02\/IMG_4982-3.jpg 816w, https:\/\/vsstpoelten-harland.ac.at\/wp-content\/uploads\/2026\/02\/IMG_4982-3-243x300.jpg 243w, https:\/\/vsstpoelten-harland.ac.at\/wp-content\/uploads\/2026\/02\/IMG_4982-3-768x949.jpg 768w\" sizes=\"auto, (max-width: 816px) 100vw, 816px\" \/><\/figure>\n\n\n\n<h5>Y\u00fccel Fatmag\u00fcl, BEd<\/h5>\n<\/div>\n<\/div>\n\n\n\n<figure class=\"wp-block-image size-large is-resized\"><img loading=\"lazy\" decoding=\"async\" width=\"1024\" height=\"768\" src=\"https:\/\/vsstpoelten-harland.ac.at\/wp-content\/uploads\/2026\/02\/6becaec3-a540-434d-8dbc-3d9542616706-1-1024x768.jpg\" alt=\"\" class=\"wp-image-6038\" style=\"width:334px;height:auto\" srcset=\"https:\/\/vsstpoelten-harland.ac.at\/wp-content\/uploads\/2026\/02\/6becaec3-a540-434d-8dbc-3d9542616706-1-1024x768.jpg 1024w, https:\/\/vsstpoelten-harland.ac.at\/wp-content\/uploads\/2026\/02\/6becaec3-a540-434d-8dbc-3d9542616706-1-300x225.jpg 300w, https:\/\/vsstpoelten-harland.ac.at\/wp-content\/uploads\/2026\/02\/6becaec3-a540-434d-8dbc-3d9542616706-1-768x576.jpg 768w, https:\/\/vsstpoelten-harland.ac.at\/wp-content\/uploads\/2026\/02\/6becaec3-a540-434d-8dbc-3d9542616706-1-1536x1152.jpg 1536w, https:\/\/vsstpoelten-harland.ac.at\/wp-content\/uploads\/2026\/02\/6becaec3-a540-434d-8dbc-3d9542616706-1.jpg 1600w\" sizes=\"auto, (max-width: 1024px) 100vw, 1024px\" \/><\/figure>\n\n\n\n<h5>Katja Dirtl, Kooperationspartnerin &#8211; Leseunterst\u00fctzung<\/h5>\n<\/div>\n<\/div>\n<\/div>\n<\/div><\/div>\n<\/div>\n<\/div>\n<\/div>\n<\/div>\n<\/div>\n\n\n\n<h2 class=\"wp-block-heading has-text-align-center\">Nachmittagsbetreuung<\/h2>\n\n\n<div class=\"wp-block-image\">\n<figure class=\"alignleft size-large is-resized\"><img loading=\"lazy\" decoding=\"async\" width=\"762\" height=\"1024\" src=\"https:\/\/vsstpoelten-harland.ac.at\/wp-content\/uploads\/2024\/10\/Verena-Profilfoto-762x1024.jpg\" alt=\"\" class=\"wp-image-4757\" style=\"width:237px;height:auto\" srcset=\"https:\/\/vsstpoelten-harland.ac.at\/wp-content\/uploads\/2024\/10\/Verena-Profilfoto-762x1024.jpg 762w, https:\/\/vsstpoelten-harland.ac.at\/wp-content\/uploads\/2024\/10\/Verena-Profilfoto-223x300.jpg 223w, https:\/\/vsstpoelten-harland.ac.at\/wp-content\/uploads\/2024\/10\/Verena-Profilfoto-768x1032.jpg 768w, https:\/\/vsstpoelten-harland.ac.at\/wp-content\/uploads\/2024\/10\/Verena-Profilfoto-1144x1536.jpg 1144w, https:\/\/vsstpoelten-harland.ac.at\/wp-content\/uploads\/2024\/10\/Verena-Profilfoto-1525x2048.jpg 1525w, https:\/\/vsstpoelten-harland.ac.at\/wp-content\/uploads\/2024\/10\/Verena-Profilfoto-scaled.jpg 1906w\" sizes=\"auto, (max-width: 762px) 100vw, 762px\" \/><\/figure><\/div>\n\n<div class=\"wp-block-image\">\n<figure class=\"alignright size-full is-resized\"><img loading=\"lazy\" decoding=\"async\" width=\"276\" height=\"398\" src=\"https:\/\/vsstpoelten-harland.ac.at\/wp-content\/uploads\/2024\/11\/Foto-Louis.jpg\" alt=\"\" class=\"wp-image-4819\" style=\"width:220px;height:auto\" srcset=\"https:\/\/vsstpoelten-harland.ac.at\/wp-content\/uploads\/2024\/11\/Foto-Louis.jpg 276w, https:\/\/vsstpoelten-harland.ac.at\/wp-content\/uploads\/2024\/11\/Foto-Louis-208x300.jpg 208w\" sizes=\"auto, (max-width: 276px) 100vw, 276px\" \/><\/figure><\/div>\n\n\n<h6 class=\"wp-block-heading\">                      Verena Drdak&nbsp; &nbsp; &nbsp; &nbsp; &nbsp; &nbsp; &nbsp; &nbsp; &nbsp; &nbsp; &nbsp; &nbsp; &nbsp; &nbsp; &nbsp; &nbsp; &nbsp; &nbsp; &nbsp; &nbsp; &nbsp; &nbsp; &nbsp; &nbsp; &nbsp; &nbsp; &nbsp; &nbsp; &nbsp; &nbsp; &nbsp; &nbsp; &nbsp; &nbsp; &nbsp; &nbsp; &nbsp; &nbsp; &nbsp; &nbsp; &nbsp; &nbsp; &nbsp; &nbsp; &nbsp;                    Louis Schachl<\/h6>\n\n\n\n<h6 class=\"wp-block-heading has-text-align-center\">Das Schulteam im Schuljahr 2025\/26<\/h6>\n\n\n\n<figure class=\"wp-block-gallery has-nested-images columns-default is-cropped wp-block-gallery-2 is-layout-flex wp-block-gallery-is-layout-flex\">\n<figure class=\"wp-block-image size-large\"><img loading=\"lazy\" decoding=\"async\" width=\"1024\" height=\"1011\" data-id=\"5550\" src=\"https:\/\/vsstpoelten-harland.ac.at\/wp-content\/uploads\/2025\/11\/Lehrerfoto-02.10.2025_weicher-1-1024x1011.jpg\" alt=\"\" class=\"wp-image-5550\" srcset=\"https:\/\/vsstpoelten-harland.ac.at\/wp-content\/uploads\/2025\/11\/Lehrerfoto-02.10.2025_weicher-1-1024x1011.jpg 1024w, https:\/\/vsstpoelten-harland.ac.at\/wp-content\/uploads\/2025\/11\/Lehrerfoto-02.10.2025_weicher-1-300x296.jpg 300w, https:\/\/vsstpoelten-harland.ac.at\/wp-content\/uploads\/2025\/11\/Lehrerfoto-02.10.2025_weicher-1-768x758.jpg 768w, https:\/\/vsstpoelten-harland.ac.at\/wp-content\/uploads\/2025\/11\/Lehrerfoto-02.10.2025_weicher-1-1536x1517.jpg 1536w, https:\/\/vsstpoelten-harland.ac.at\/wp-content\/uploads\/2025\/11\/Lehrerfoto-02.10.2025_weicher-1-2048x2022.jpg 2048w\" sizes=\"auto, (max-width: 1024px) 100vw, 1024px\" \/><\/figure>\n<\/figure>\n\n\n\n<figure class=\"wp-block-gallery has-nested-images columns-default is-cropped wp-block-gallery-3 is-layout-flex wp-block-gallery-is-layout-flex\"><\/figure>\n","protected":false},"excerpt":{"rendered":"<p>VOL Sabine Eder, BEd MEd vVL Sonja Rotheneder vVL Andrea Glo\u00df BEd VL Bettina Heimberger vVL Eva Maria Reichard BEd SOL Elisabeth D\u00f6rfler &nbsp;&nbsp; Mag. Rita Schweighofer-Skarek vREL Heidemarie Pfeffel vREL Sabine Kaminsky Neue Lehrpersonen im Schuljahr 2025\/26 Y\u00fccel Fatmag\u00fcl, BEd Katja Dirtl, Kooperationspartnerin &#8211; Leseunterst\u00fctzung Nachmittagsbetreuung Verena Drdak&nbsp; &nbsp; &nbsp; &nbsp; &nbsp; &nbsp; &nbsp; &hellip; <a href=\"https:\/\/vsstpoelten-harland.ac.at\/?page_id=266\" class=\"more-link\"><span class=\"screen-reader-text\">LehrerInnen<\/span> weiterlesen <span class=\"meta-nav\">&rarr;<\/span><\/a><\/p>\n","protected":false},"author":3,"featured_media":0,"parent":20,"menu_order":0,"comment_status":"closed","ping_status":"closed","template":"","meta":{"footnotes":""},"class_list":["post-266","page","type-page","status-publish","hentry"],"_links":{"self":[{"href":"https:\/\/vsstpoelten-harland.ac.at\/index.php?rest_route=\/wp\/v2\/pages\/266","targetHints":{"allow":["GET"]}}],"collection":[{"href":"https:\/\/vsstpoelten-harland.ac.at\/index.php?rest_route=\/wp\/v2\/pages"}],"about":[{"href":"https:\/\/vsstpoelten-harland.ac.at\/index.php?rest_route=\/wp\/v2\/types\/page"}],"author":[{"embeddable":true,"href":"https:\/\/vsstpoelten-harland.ac.at\/index.php?rest_route=\/wp\/v2\/users\/3"}],"replies":[{"embeddable":true,"href":"https:\/\/vsstpoelten-harland.ac.at\/index.php?rest_route=%2Fwp%2Fv2%2Fcomments&post=266"}],"version-history":[{"count":108,"href":"https:\/\/vsstpoelten-harland.ac.at\/index.php?rest_route=\/wp\/v2\/pages\/266\/revisions"}],"predecessor-version":[{"id":6355,"href":"https:\/\/vsstpoelten-harland.ac.at\/index.php?rest_route=\/wp\/v2\/pages\/266\/revisions\/6355"}],"up":[{"embeddable":true,"href":"https:\/\/vsstpoelten-harland.ac.at\/index.php?rest_route=\/wp\/v2\/pages\/20"}],"wp:attachment":[{"href":"https:\/\/vsstpoelten-harland.ac.at\/index.php?rest_route=%2Fwp%2Fv2%2Fmedia&parent=266"}],"curies":[{"name":"wp","href":"https:\/\/api.w.org\/{rel}","templated":true}]}}