{"id":86,"date":"2014-10-06T12:41:52","date_gmt":"2014-10-06T12:41:52","guid":{"rendered":"http:\/\/vsstpoelten-harland.ac.at\/?page_id=86"},"modified":"2026-03-05T12:01:52","modified_gmt":"2026-03-05T12:01:52","slug":"stundentafel-und-unterrichtszeiten","status":"publish","type":"page","link":"https:\/\/vsstpoelten-harland.ac.at\/?page_id=86","title":{"rendered":"Stundentafel und Unterrichtszeiten"},"content":{"rendered":"<p><strong>Die schulautonome Stundentafel wurde im Schulforum beschlossen:<\/strong><\/p>\n<table style=\"height: 385px;\" width=\"508\">\n<tbody>\n<tr>\n<td><\/td>\n<td style=\"text-align: center;\"><strong>\u00a0 \u00a01. Klasse<\/strong><\/td>\n<td style=\"text-align: center;\"><strong>\u00a02. Klasse<\/strong><\/td>\n<td style=\"text-align: center;\" valign=\"middle\"><strong>3. Klasse<\/strong><\/td>\n<td style=\"text-align: center;\" valign=\"middle\"><strong>4. Klasse<\/strong><\/td>\n<\/tr>\n<tr>\n<td valign=\"middle\"><strong>Religion<\/strong><\/td>\n<td style=\"text-align: center;\" valign=\"middle\">2<\/td>\n<td style=\"text-align: center;\" valign=\"middle\">2<\/td>\n<td style=\"text-align: center;\" valign=\"middle\">2<\/td>\n<td style=\"text-align: center;\" valign=\"middle\">2<\/td>\n<\/tr>\n<tr>\n<td valign=\"middle\"><strong>Sachunterricht\u00a0<\/strong><\/td>\n<td style=\"text-align: center;\" valign=\"middle\">2<\/td>\n<td style=\"text-align: center;\" valign=\"middle\">2<\/td>\n<td style=\"text-align: center;\" valign=\"middle\">3<\/td>\n<td style=\"text-align: center;\" valign=\"middle\">3<\/td>\n<\/tr>\n<tr>\n<td valign=\"middle\"><strong>Deutsch\/Lesen\/Schreiben<\/strong><\/td>\n<td style=\"text-align: center;\" valign=\"middle\">7<\/td>\n<td style=\"text-align: center;\" valign=\"middle\">7<\/td>\n<td style=\"text-align: center;\" valign=\"middle\">7<\/td>\n<td style=\"text-align: center;\" valign=\"middle\">7<\/td>\n<\/tr>\n<tr>\n<td valign=\"middle\"><strong>Mathematik<\/strong><\/td>\n<td style=\"text-align: center;\" valign=\"middle\">4<\/td>\n<td style=\"text-align: center;\" valign=\"middle\">4<\/td>\n<td style=\"text-align: center;\" valign=\"middle\">4<\/td>\n<td style=\"text-align: center;\" valign=\"middle\">5<\/td>\n<\/tr>\n<tr>\n<td valign=\"middle\"><strong>Musikerziehung<\/strong><\/td>\n<td style=\"text-align: center;\" valign=\"middle\">1<\/td>\n<td style=\"text-align: center;\" valign=\"middle\">1<\/td>\n<td style=\"text-align: center;\" valign=\"middle\">1<\/td>\n<td style=\"text-align: center;\" valign=\"middle\">1<\/td>\n<\/tr>\n<tr>\n<td valign=\"middle\"><strong>Kunst und Gestaltung<\/strong><\/td>\n<td style=\"text-align: center;\" valign=\"middle\">1<\/td>\n<td style=\"text-align: center;\" valign=\"middle\">2<\/td>\n<td style=\"text-align: center;\" valign=\"middle\">1<\/td>\n<td style=\"text-align: center;\" valign=\"middle\">1<\/td>\n<\/tr>\n<tr>\n<td valign=\"middle\"><strong>Technik und Design<\/strong><\/td>\n<td style=\"text-align: center;\" valign=\"middle\">1<\/td>\n<td style=\"text-align: center;\" valign=\"middle\">1<\/td>\n<td style=\"text-align: center;\" valign=\"middle\">2<\/td>\n<td style=\"text-align: center;\" valign=\"middle\">1<\/td>\n<\/tr>\n<tr>\n<td valign=\"middle\"><strong>Bewegung und Sport<\/strong><\/td>\n<td style=\"text-align: center;\" valign=\"middle\">2<\/td>\n<td style=\"text-align: center;\" valign=\"middle\">3<\/td>\n<td style=\"text-align: center;\" valign=\"middle\">3<\/td>\n<td style=\"text-align: center;\" valign=\"middle\">3<\/td>\n<\/tr>\n<tr>\n<td valign=\"middle\"><strong>Lebende Fremdsprache<\/strong><\/td>\n<td style=\"text-align: center;\" valign=\"middle\">*integrativ<\/td>\n<td style=\"text-align: center;\" valign=\"middle\">*integrativ<\/td>\n<td style=\"text-align: center;\" valign=\"middle\">1<\/td>\n<td style=\"text-align: center;\" valign=\"middle\">1<\/td>\n<\/tr>\n<tr>\n<td valign=\"middle\"><strong>Gesamtanzahl der Stunden<\/strong><\/td>\n<td style=\"text-align: center;\" valign=\"middle\">20<\/td>\n<td style=\"text-align: center;\" valign=\"middle\">22<\/td>\n<td style=\"text-align: center;\" valign=\"middle\">24<\/td>\n<td style=\"text-align: center;\" valign=\"middle\">24<\/td>\n<\/tr>\n<\/tbody>\n<\/table>\n<h6>* Integratives Englisch an Volksschulen vermittelt die Sprache spielerisch durch &#8222;Eintauchen&#8220; (Immersion) in Sachf\u00e4chern wie Musik, Sport oder Sachunterricht statt in isolierten Stunden.<\/h6>\n<h3>Unterrichtszeiten:<\/h3>\n<p>07:40 &#8211; 08:30 Uhr<\/p>\n<p>08:35 &#8211; 09:25 Uhr<\/p>\n<p>Essenspause<\/p>\n<p>09:40 &#8211; 10:30 Uhr<\/p>\n<p>10:35 &#8211; 11:25 Uhr<\/p>\n<p>11:30 &#8211; 12:20 Uhr<\/p>\n<p>12:25 &#8211; 13:15 Uhr<\/p>\n<p>Um den Unterrichtsablauf nicht zu st\u00f6ren, bitten wir Sie, w\u00e4hrend der Pausen keine unangemeldeten Gespr\u00e4che einzuplanen.<\/p>\n<p>Wir sind gerne bereit, Ausk\u00fcnfte nach Terminvereinbarungen zu geben.<\/p>\n","protected":false},"excerpt":{"rendered":"<p>Die schulautonome Stundentafel wurde im Schulforum beschlossen: \u00a0 \u00a01. Klasse \u00a02. Klasse 3. Klasse 4. Klasse Religion 2 2 2 2 Sachunterricht\u00a0 2 2 3 3 Deutsch\/Lesen\/Schreiben 7 7 7 7 Mathematik 4 4 4 5 Musikerziehung 1 1 1 1 Kunst und Gestaltung 1 2 1 1 Technik und Design 1 1 2 1 &hellip; <a href=\"https:\/\/vsstpoelten-harland.ac.at\/?page_id=86\" class=\"more-link\"><span class=\"screen-reader-text\">Stundentafel und Unterrichtszeiten<\/span> weiterlesen <span class=\"meta-nav\">&rarr;<\/span><\/a><\/p>\n","protected":false},"author":3,"featured_media":0,"parent":20,"menu_order":0,"comment_status":"closed","ping_status":"closed","template":"","meta":{"footnotes":""},"class_list":["post-86","page","type-page","status-publish","hentry"],"_links":{"self":[{"href":"https:\/\/vsstpoelten-harland.ac.at\/index.php?rest_route=\/wp\/v2\/pages\/86","targetHints":{"allow":["GET"]}}],"collection":[{"href":"https:\/\/vsstpoelten-harland.ac.at\/index.php?rest_route=\/wp\/v2\/pages"}],"about":[{"href":"https:\/\/vsstpoelten-harland.ac.at\/index.php?rest_route=\/wp\/v2\/types\/page"}],"author":[{"embeddable":true,"href":"https:\/\/vsstpoelten-harland.ac.at\/index.php?rest_route=\/wp\/v2\/users\/3"}],"replies":[{"embeddable":true,"href":"https:\/\/vsstpoelten-harland.ac.at\/index.php?rest_route=%2Fwp%2Fv2%2Fcomments&post=86"}],"version-history":[{"count":6,"href":"https:\/\/vsstpoelten-harland.ac.at\/index.php?rest_route=\/wp\/v2\/pages\/86\/revisions"}],"predecessor-version":[{"id":6203,"href":"https:\/\/vsstpoelten-harland.ac.at\/index.php?rest_route=\/wp\/v2\/pages\/86\/revisions\/6203"}],"up":[{"embeddable":true,"href":"https:\/\/vsstpoelten-harland.ac.at\/index.php?rest_route=\/wp\/v2\/pages\/20"}],"wp:attachment":[{"href":"https:\/\/vsstpoelten-harland.ac.at\/index.php?rest_route=%2Fwp%2Fv2%2Fmedia&parent=86"}],"curies":[{"name":"wp","href":"https:\/\/api.w.org\/{rel}","templated":true}]}}